{"id":3848,"date":"2022-03-14T11:10:10","date_gmt":"2022-03-14T11:10:10","guid":{"rendered":"https:\/\/poliglotter.net\/?post_type=product&#038;p=3848"},"modified":"2025-11-26T06:12:36","modified_gmt":"2025-11-26T06:12:36","slug":"a1-etre-et-avoir-exercises-gratis","status":"publish","type":"product","link":"https:\/\/poliglotter.net\/en\/producto\/a1-etre-et-avoir-exercises-gratis\/","title":{"rendered":"A1 Fran\u00e7ais &#8211; \u00caTRE et AVOIR Exercices"},"content":{"rendered":"","protected":false},"excerpt":{"rendered":"<p>A1 Fran\u00e7ais &#8211; \u00caTRE et AVOIR Exercices<\/p>\n<div class=\"page\" title=\"Page 1\">\n<div class=\"section\">\n<div class=\"layoutArea\">\n<div class=\"column\">\n<p>Sommaire:<\/p>\n<ul>\n<li>Introduction<\/li>\n<li>Le verbe E\u0302TRE<\/li>\n<li>Le verbe AVOIR<\/li>\n<li>Exercices<\/li>\n<\/ul>\n<\/div>\n<\/div>\n<\/div>\n<\/div>\n","protected":false},"featured_media":3849,"template":"","meta":[],"product_cat":[44],"product_tag":[],"_links":{"self":[{"href":"https:\/\/poliglotter.net\/en\/wp-json\/wp\/v2\/product\/3848"}],"collection":[{"href":"https:\/\/poliglotter.net\/en\/wp-json\/wp\/v2\/product"}],"about":[{"href":"https:\/\/poliglotter.net\/en\/wp-json\/wp\/v2\/types\/product"}],"wp:featuredmedia":[{"embeddable":true,"href":"https:\/\/poliglotter.net\/en\/wp-json\/wp\/v2\/media\/3849"}],"wp:attachment":[{"href":"https:\/\/poliglotter.net\/en\/wp-json\/wp\/v2\/media?parent=3848"}],"wp:term":[{"taxonomy":"product_cat","embeddable":true,"href":"https:\/\/poliglotter.net\/en\/wp-json\/wp\/v2\/product_cat?post=3848"},{"taxonomy":"product_tag","embeddable":true,"href":"https:\/\/poliglotter.net\/en\/wp-json\/wp\/v2\/product_tag?post=3848"}],"curies":[{"name":"wp","href":"https:\/\/api.w.org\/{rel}","templated":true}]}}