{"id":3769,"date":"2022-03-04T11:57:30","date_gmt":"2022-03-04T11:57:30","guid":{"rendered":"https:\/\/poliglotter.net\/?post_type=product&#038;p=3769"},"modified":"2022-03-17T08:38:47","modified_gmt":"2022-03-17T08:38:47","slug":"b1-le-present-du-subjonctif","status":"publish","type":"product","link":"https:\/\/poliglotter.net\/en\/producto\/b1-le-present-du-subjonctif\/","title":{"rendered":"B1 Fran\u00e7ais &#8211; Le Pres\u00e9nt du Subjonctif"},"content":{"rendered":"","protected":false},"excerpt":{"rendered":"<p>B1 Fran\u00e7ais &#8211; Le Pres\u00e9nt du Subjonctif<\/p>\n<p>Sommaire:<\/p>\n<ul>\n<li>Introduction<\/li>\n<li>Le Pres\u00e9nt du Subjonctif<\/li>\n<li>Exercice<\/li>\n<\/ul>\n","protected":false},"featured_media":3770,"template":"","meta":[],"product_cat":[44],"product_tag":[],"_links":{"self":[{"href":"https:\/\/poliglotter.net\/en\/wp-json\/wp\/v2\/product\/3769"}],"collection":[{"href":"https:\/\/poliglotter.net\/en\/wp-json\/wp\/v2\/product"}],"about":[{"href":"https:\/\/poliglotter.net\/en\/wp-json\/wp\/v2\/types\/product"}],"wp:featuredmedia":[{"embeddable":true,"href":"https:\/\/poliglotter.net\/en\/wp-json\/wp\/v2\/media\/3770"}],"wp:attachment":[{"href":"https:\/\/poliglotter.net\/en\/wp-json\/wp\/v2\/media?parent=3769"}],"wp:term":[{"taxonomy":"product_cat","embeddable":true,"href":"https:\/\/poliglotter.net\/en\/wp-json\/wp\/v2\/product_cat?post=3769"},{"taxonomy":"product_tag","embeddable":true,"href":"https:\/\/poliglotter.net\/en\/wp-json\/wp\/v2\/product_tag?post=3769"}],"curies":[{"name":"wp","href":"https:\/\/api.w.org\/{rel}","templated":true}]}}