{"id":3754,"date":"2022-03-04T11:43:18","date_gmt":"2022-03-04T11:43:18","guid":{"rendered":"https:\/\/poliglotter.net\/?post_type=product&#038;p=3754"},"modified":"2026-01-05T10:04:57","modified_gmt":"2026-01-05T10:04:57","slug":"a2-b1-verb-tenses-review","status":"publish","type":"product","link":"https:\/\/poliglotter.net\/en\/producto\/a2-b1-verb-tenses-review\/","title":{"rendered":"A2\/B1 &#8211; BASIC VERB TENSES &#8211; Review Booklet"},"content":{"rendered":"","protected":false},"excerpt":{"rendered":"<p>A2\/B1 &#8211; BASIC VERB TENSES &#8211; Review Booklet (22 pages\/PDF format)<\/p>\n<p>\u00a1Qu\u00e9 mejor manera para los m\u00e1s jovencitos para repasar los tiempos verbales b\u00e1sicos que tendr\u00e1n que saberse! Y si eres adulto, oye, \u00a1que te servir\u00e1 igual! Te llevas un librito de 22 p\u00e1ginas, con la estructura y ejemplos de cada tiempo verbal, con ejercicios y soluciones, y al final un ejercicio mezclado para comprobar lo aprendido.<\/p>\n<p>Content:<\/p>\n<ul>\n<li>Introduction<\/li>\n<li>The Present Simple<\/li>\n<li>The Present Continuous<\/li>\n<li>The Past Simple<\/li>\n<li>The Past Continuous<\/li>\n<li>The Present Perfect<\/li>\n<li>The Future with Will<\/li>\n<li>The Future with Be going to<\/li>\n<\/ul>\n<p><span class=\"x1xsqp64 xiy17q3 x1o6pynw x19co3pv xdj266r xcwd3tp xat24cr x39eecv x2b8uid\" data-testid=\"emoji\"><span class=\"xexx8yu xn5pp95 x18d9i69 x2fxd7x x1yqt14a x1bhl96m\">\ud83d\udc49 <\/span><\/span>To look inside click here: <a href=\"https:\/\/www.tiktok.com\/@poliglotter\/video\/7332795296277105953\">Presentation VIDEO<\/a><\/p>\n","protected":false},"featured_media":13442,"template":"","meta":[],"product_cat":[42],"product_tag":[168,118,108,115,111,109,164,166,112,124,110,120,121,122,167,165],"_links":{"self":[{"href":"https:\/\/poliglotter.net\/en\/wp-json\/wp\/v2\/product\/3754"}],"collection":[{"href":"https:\/\/poliglotter.net\/en\/wp-json\/wp\/v2\/product"}],"about":[{"href":"https:\/\/poliglotter.net\/en\/wp-json\/wp\/v2\/types\/product"}],"wp:featuredmedia":[{"embeddable":true,"href":"https:\/\/poliglotter.net\/en\/wp-json\/wp\/v2\/media\/13442"}],"wp:attachment":[{"href":"https:\/\/poliglotter.net\/en\/wp-json\/wp\/v2\/media?parent=3754"}],"wp:term":[{"taxonomy":"product_cat","embeddable":true,"href":"https:\/\/poliglotter.net\/en\/wp-json\/wp\/v2\/product_cat?post=3754"},{"taxonomy":"product_tag","embeddable":true,"href":"https:\/\/poliglotter.net\/en\/wp-json\/wp\/v2\/product_tag?post=3754"}],"curies":[{"name":"wp","href":"https:\/\/api.w.org\/{rel}","templated":true}]}}