{"id":12148,"date":"2023-09-13T09:05:49","date_gmt":"2023-09-13T09:05:49","guid":{"rendered":"https:\/\/poliglotter.net\/?post_type=product&#038;p=12148"},"modified":"2025-11-26T06:10:52","modified_gmt":"2025-11-26T06:10:52","slug":"regala-una-masterclass-de-ingles","status":"publish","type":"product","link":"https:\/\/poliglotter.net\/en\/producto\/regala-una-masterclass-de-ingles\/","title":{"rendered":"Regala una MASTERCLASS de INGL\u00c9S"},"content":{"rendered":"","protected":false},"excerpt":{"rendered":"<p>\u00bfConoces a alguien a quien le vendr\u00eda bien una MASTERCLASS de ingl\u00e9s?<\/p>\n<p>Entonces sorpr\u00e9ndele y reg\u00e1lale una buena sesi\u00f3n de vitaminas antes de un examen, o simplemente para dar un buen repaso al temario y comprobar si est\u00e1 preparado\/a para el examen.<\/p>\n<p>Contenido:<\/p>\n<ul>\n<li>1 MASTERCLASS session (55 min)<\/li>\n<li>Online (Microsoft Teams o Meet)<\/li>\n<li>Horario a convenir seg\u00fan disponibilidad<\/li>\n<li>Repaso de todas las partes del examen B1, B2 o C1 de Cambridge.<\/li>\n<li>Correcci\u00f3n de 1 Writing<\/li>\n<li>Descuento para 2 o m\u00e1s alumnos<\/li>\n<\/ul>\n<p>Solicita m\u00e1s informaci\u00f3n y pincha <a href=\"https:\/\/poliglotter.net\/#contacto\">AQU\u00cd<\/a>.<\/p>\n<p>&nbsp;<\/p>\n<p>&nbsp;<\/p>\n<p>&nbsp;<\/p>\n","protected":false},"featured_media":13384,"template":"","meta":[],"product_cat":[42],"product_tag":[168,113,118,108,115,111,109,116,112,110,120,123,119,122],"_links":{"self":[{"href":"https:\/\/poliglotter.net\/en\/wp-json\/wp\/v2\/product\/12148"}],"collection":[{"href":"https:\/\/poliglotter.net\/en\/wp-json\/wp\/v2\/product"}],"about":[{"href":"https:\/\/poliglotter.net\/en\/wp-json\/wp\/v2\/types\/product"}],"wp:featuredmedia":[{"embeddable":true,"href":"https:\/\/poliglotter.net\/en\/wp-json\/wp\/v2\/media\/13384"}],"wp:attachment":[{"href":"https:\/\/poliglotter.net\/en\/wp-json\/wp\/v2\/media?parent=12148"}],"wp:term":[{"taxonomy":"product_cat","embeddable":true,"href":"https:\/\/poliglotter.net\/en\/wp-json\/wp\/v2\/product_cat?post=12148"},{"taxonomy":"product_tag","embeddable":true,"href":"https:\/\/poliglotter.net\/en\/wp-json\/wp\/v2\/product_tag?post=12148"}],"curies":[{"name":"wp","href":"https:\/\/api.w.org\/{rel}","templated":true}]}}